{"id":4188,"date":"2025-07-30T15:00:25","date_gmt":"2025-07-30T20:00:25","guid":{"rendered":"https:\/\/comercioelectrico.com\/?post_type=product&#038;p=4188"},"modified":"2025-08-20T04:01:47","modified_gmt":"2025-08-20T09:01:47","slug":"pegamento-epoxico-blanco-pegatanke","status":"publish","type":"product","link":"https:\/\/comercioelectrico.com\/index.php\/product\/pegamento-epoxico-blanco-pegatanke\/","title":{"rendered":"PEGAMENTO EP\u00d3XICO BLANCO (PEGATANKE)"},"content":{"rendered":"","protected":false},"excerpt":{"rendered":"<p>Es un pegamento ep\u00f3xico de alta calidad capaz de ser usado en m\u00faltiples aplicaciones. Se especializa en usos bajo el agua por su mayor facilidad de pegado en este entorno. Y por su color tambi\u00e9n es recomendado en productos de l\u00ednea blanca, botes y tablas de surf.<\/p>\n<div class=\"brxe-35e56a brxe-block\">\n<p>Embarcaciones<\/p>\n<\/div>\n<div class=\"brxe-35e56a brxe-block\">\n<p>Refrigeradoras<\/p>\n<\/div>\n<div class=\"brxe-35e56a brxe-block\">\n<p>Cer\u00e1mica<\/p>\n<\/div>\n<div class=\"brxe-35e56a brxe-block\">\n<p>Fibra de vidrio<\/p>\n<\/div>\n<div class=\"brxe-35e56a brxe-block\">\n<p>Art\u00edculos del hogar<\/p>\n<\/div>\n<div class=\"brxe-35e56a brxe-block\">\n<p>Marcos de ventanas y puertas<\/p>\n<\/div>\n<div id=\"brxe-c6f44d\" class=\"brxe-block\">\n<h3 id=\"brxe-66dd7e\" class=\"brxe-heading\">APLICABLE SOBRE CUALQUIER SUPERFICIE, INCLUSO BAJO EL AGUA<\/h3>\n<\/div>\n","protected":false},"featured_media":4190,"comment_status":"open","ping_status":"closed","template":"","meta":[],"product_brand":[],"product_cat":[15,36,54,21],"product_tag":[],"class_list":{"0":"post-4188","1":"product","2":"type-product","3":"status-publish","4":"has-post-thumbnail","6":"product_cat-iluminacion","7":"product_cat-herramienta","8":"product_cat-otros","9":"product_cat-pegantes","10":"thunk-woo-product-list","11":"opn-qv-enable","12":"top-store-woo-hover-zoom","13":"top-store-single-product-tab-horizontal","14":"top-store-shadow-","15":"top-store-shadow-hover-","17":"first","18":"instock","19":"shipping-taxable","20":"product-type-simple"},"_links":{"self":[{"href":"https:\/\/comercioelectrico.com\/index.php\/wp-json\/wp\/v2\/product\/4188","targetHints":{"allow":["GET"]}}],"collection":[{"href":"https:\/\/comercioelectrico.com\/index.php\/wp-json\/wp\/v2\/product"}],"about":[{"href":"https:\/\/comercioelectrico.com\/index.php\/wp-json\/wp\/v2\/types\/product"}],"replies":[{"embeddable":true,"href":"https:\/\/comercioelectrico.com\/index.php\/wp-json\/wp\/v2\/comments?post=4188"}],"version-history":[{"count":2,"href":"https:\/\/comercioelectrico.com\/index.php\/wp-json\/wp\/v2\/product\/4188\/revisions"}],"predecessor-version":[{"id":4194,"href":"https:\/\/comercioelectrico.com\/index.php\/wp-json\/wp\/v2\/product\/4188\/revisions\/4194"}],"wp:featuredmedia":[{"embeddable":true,"href":"https:\/\/comercioelectrico.com\/index.php\/wp-json\/wp\/v2\/media\/4190"}],"wp:attachment":[{"href":"https:\/\/comercioelectrico.com\/index.php\/wp-json\/wp\/v2\/media?parent=4188"}],"wp:term":[{"taxonomy":"product_brand","embeddable":true,"href":"https:\/\/comercioelectrico.com\/index.php\/wp-json\/wp\/v2\/product_brand?post=4188"},{"taxonomy":"product_cat","embeddable":true,"href":"https:\/\/comercioelectrico.com\/index.php\/wp-json\/wp\/v2\/product_cat?post=4188"},{"taxonomy":"product_tag","embeddable":true,"href":"https:\/\/comercioelectrico.com\/index.php\/wp-json\/wp\/v2\/product_tag?post=4188"}],"curies":[{"name":"wp","href":"https:\/\/api.w.org\/{rel}","templated":true}]}}