{"id":3719,"date":"2023-07-08T11:59:02","date_gmt":"2023-07-08T16:59:02","guid":{"rendered":"https:\/\/comercioelectrico.com\/?post_type=product&#038;p=3719"},"modified":"2025-05-27T09:36:53","modified_gmt":"2025-05-27T14:36:53","slug":"bomba-de-drenaje-para-agua-sucia-tex-2","status":"publish","type":"product","link":"https:\/\/comercioelectrico.com\/index.php\/product\/bomba-de-drenaje-para-agua-sucia-tex-2\/","title":{"rendered":"BOMBA DE DRENAJE PARA AGUA SUCIA TEX 2 (5 METROS)"},"content":{"rendered":"","protected":false},"excerpt":{"rendered":"<p>Caudal hasta 200 l \/ min (12 m\u00b3 \/ h). Carga hasta 7,5 m. Motor de 0,37 Kw (0,50 CV). 5 metros de cable con enchufe<\/p>\n<p>&nbsp;<\/p>\n<p>La bomba TEX 2 es adecuada para drenar agua sucia, que no es qu\u00edmicamente agresiva para los materiales que componen la bomba.<\/p>\n<p>Las soluciones constructivas utilizadas garantizan la facilidad de uso y la seguridad operativa gracias a la refrigeraci\u00f3n total del motor y al doble cierre del eje.<\/p>\n<p>Se recomienda para uso dom\u00e9stico, para la evacuaci\u00f3n de aguas sucias, vaciado de tanques, desag\u00fces dom\u00e9sticos, vaciado de pozos colectores incluso en presencia de cuerpos s\u00f3lidos en suspensi\u00f3n hasta \u00d8 30 mm<\/p>\n","protected":false},"featured_media":3700,"comment_status":"open","ping_status":"closed","template":"","meta":[],"product_brand":[],"product_cat":[70],"product_tag":[],"class_list":{"0":"post-3719","1":"product","2":"type-product","3":"status-publish","4":"has-post-thumbnail","6":"product_cat-bombas-de-agua","7":"thunk-woo-product-list","8":"opn-qv-enable","9":"top-store-woo-hover-zoom","10":"top-store-single-product-tab-horizontal","11":"top-store-shadow-","12":"top-store-shadow-hover-","14":"first","15":"instock","16":"shipping-taxable","17":"product-type-simple"},"_links":{"self":[{"href":"https:\/\/comercioelectrico.com\/index.php\/wp-json\/wp\/v2\/product\/3719","targetHints":{"allow":["GET"]}}],"collection":[{"href":"https:\/\/comercioelectrico.com\/index.php\/wp-json\/wp\/v2\/product"}],"about":[{"href":"https:\/\/comercioelectrico.com\/index.php\/wp-json\/wp\/v2\/types\/product"}],"replies":[{"embeddable":true,"href":"https:\/\/comercioelectrico.com\/index.php\/wp-json\/wp\/v2\/comments?post=3719"}],"version-history":[{"count":2,"href":"https:\/\/comercioelectrico.com\/index.php\/wp-json\/wp\/v2\/product\/3719\/revisions"}],"predecessor-version":[{"id":3723,"href":"https:\/\/comercioelectrico.com\/index.php\/wp-json\/wp\/v2\/product\/3719\/revisions\/3723"}],"wp:featuredmedia":[{"embeddable":true,"href":"https:\/\/comercioelectrico.com\/index.php\/wp-json\/wp\/v2\/media\/3700"}],"wp:attachment":[{"href":"https:\/\/comercioelectrico.com\/index.php\/wp-json\/wp\/v2\/media?parent=3719"}],"wp:term":[{"taxonomy":"product_brand","embeddable":true,"href":"https:\/\/comercioelectrico.com\/index.php\/wp-json\/wp\/v2\/product_brand?post=3719"},{"taxonomy":"product_cat","embeddable":true,"href":"https:\/\/comercioelectrico.com\/index.php\/wp-json\/wp\/v2\/product_cat?post=3719"},{"taxonomy":"product_tag","embeddable":true,"href":"https:\/\/comercioelectrico.com\/index.php\/wp-json\/wp\/v2\/product_tag?post=3719"}],"curies":[{"name":"wp","href":"https:\/\/api.w.org\/{rel}","templated":true}]}}