{"id":2418,"date":"2022-06-18T12:38:18","date_gmt":"2022-06-18T17:38:18","guid":{"rendered":"https:\/\/comercioelectrico.com\/?post_type=product&#038;p=2418"},"modified":"2025-05-27T10:51:17","modified_gmt":"2025-05-27T15:51:17","slug":"repetidor-wi-fi-com-8200-steren-24-ghz-b-g-n-hasta-25-m-de-cobertura","status":"publish","type":"product","link":"https:\/\/comercioelectrico.com\/index.php\/product\/repetidor-wi-fi-com-8200-steren-24-ghz-b-g-n-hasta-25-m-de-cobertura\/","title":{"rendered":"REPETIDOR WI-FI (COM-8200) STEREN 2,4 GHz (B\/G\/N), hasta 25 m de cobertura"},"content":{"rendered":"","protected":false},"excerpt":{"rendered":"<div>2,4 GHz (B\/G\/N), hasta 25 m de cobertura<\/div>\n<div><\/div>\n<div>Extiende la cobertura de tu red Wi-Fi para navegar en cualquier parte de tu casa u oficina<\/div>\n<ul>\n<li>F\u00e1cil instalaci\u00f3n: Con\u00e9ctalo y configura en 3 pasos desde tu celular o PC<\/li>\n<li>Red inal\u00e1mbrica con cobertura de hasta 25 m en \u00e1reas abiertas<\/li>\n<li>Soporta redes de hasta 300 Mbps<\/li>\n<li>Tiene indicador para conocer el mejor lugar para colocarlo<\/li>\n<li>Incorpora 2 puertos LAN para conectar equipos sin Wi-Fi como PC o Smart TV<\/li>\n<li>Incluye cable de red Ethernet de 1 metro<\/li>\n<\/ul>\n","protected":false},"featured_media":3540,"comment_status":"open","ping_status":"closed","template":"","meta":[],"product_brand":[],"product_cat":[57],"product_tag":[],"class_list":{"0":"post-2418","1":"product","2":"type-product","3":"status-publish","4":"has-post-thumbnail","6":"product_cat-varios","7":"thunk-woo-product-list","8":"opn-qv-enable","9":"top-store-woo-hover-zoom","10":"top-store-single-product-tab-horizontal","11":"top-store-shadow-","12":"top-store-shadow-hover-","14":"first","15":"instock","16":"shipping-taxable","17":"product-type-simple"},"_links":{"self":[{"href":"https:\/\/comercioelectrico.com\/index.php\/wp-json\/wp\/v2\/product\/2418","targetHints":{"allow":["GET"]}}],"collection":[{"href":"https:\/\/comercioelectrico.com\/index.php\/wp-json\/wp\/v2\/product"}],"about":[{"href":"https:\/\/comercioelectrico.com\/index.php\/wp-json\/wp\/v2\/types\/product"}],"replies":[{"embeddable":true,"href":"https:\/\/comercioelectrico.com\/index.php\/wp-json\/wp\/v2\/comments?post=2418"}],"version-history":[{"count":2,"href":"https:\/\/comercioelectrico.com\/index.php\/wp-json\/wp\/v2\/product\/2418\/revisions"}],"predecessor-version":[{"id":2468,"href":"https:\/\/comercioelectrico.com\/index.php\/wp-json\/wp\/v2\/product\/2418\/revisions\/2468"}],"wp:featuredmedia":[{"embeddable":true,"href":"https:\/\/comercioelectrico.com\/index.php\/wp-json\/wp\/v2\/media\/3540"}],"wp:attachment":[{"href":"https:\/\/comercioelectrico.com\/index.php\/wp-json\/wp\/v2\/media?parent=2418"}],"wp:term":[{"taxonomy":"product_brand","embeddable":true,"href":"https:\/\/comercioelectrico.com\/index.php\/wp-json\/wp\/v2\/product_brand?post=2418"},{"taxonomy":"product_cat","embeddable":true,"href":"https:\/\/comercioelectrico.com\/index.php\/wp-json\/wp\/v2\/product_cat?post=2418"},{"taxonomy":"product_tag","embeddable":true,"href":"https:\/\/comercioelectrico.com\/index.php\/wp-json\/wp\/v2\/product_tag?post=2418"}],"curies":[{"name":"wp","href":"https:\/\/api.w.org\/{rel}","templated":true}]}}