{"id":1115,"date":"2020-12-08T23:21:11","date_gmt":"2020-12-09T04:21:11","guid":{"rendered":"https:\/\/vozipcolombia.net.co\/comercio\/?page_id=1115"},"modified":"2025-07-07T15:27:14","modified_gmt":"2025-07-07T20:27:14","slug":"politicas","status":"publish","type":"page","link":"https:\/\/comercioelectrico.com\/index.php\/politicas\/","title":{"rendered":"Pol\u00edticas"},"content":{"rendered":"\t\t<div data-elementor-type=\"wp-page\" data-elementor-id=\"1115\" class=\"elementor elementor-1115\" data-elementor-post-type=\"page\">\n\t\t\t\t\t\t<section class=\"elementor-section elementor-top-section elementor-element elementor-element-7b6d04b7 elementor-section-content-middle elementor-section-boxed elementor-section-height-default elementor-section-height-default\" data-id=\"7b6d04b7\" data-element_type=\"section\">\n\t\t\t\t\t\t<div class=\"elementor-container elementor-column-gap-no\">\n\t\t\t\t\t<div class=\"elementor-column elementor-col-33 elementor-top-column elementor-element elementor-element-37781bb8\" data-id=\"37781bb8\" data-element_type=\"column\">\n\t\t\t<div class=\"elementor-widget-wrap elementor-element-populated\">\n\t\t\t\t\t\t<div class=\"elementor-element elementor-element-1c00771 elementor-widget elementor-widget-image-box\" data-id=\"1c00771\" data-element_type=\"widget\" data-widget_type=\"image-box.default\">\n\t\t\t\t\t<div class=\"elementor-image-box-wrapper\"><div class=\"elementor-image-box-content\"><h3 class=\"elementor-image-box-title\"><a href=\"https:\/\/pdf.ac\/1v64ye\">POL\u00cdTICAS DE TRATAMIENTO<\/a><\/h3><\/div><\/div>\t\t\t\t<\/div>\n\t\t\t\t<div class=\"elementor-element elementor-element-6109399 elementor-widget-divider--view-line elementor-widget elementor-widget-divider\" data-id=\"6109399\" data-element_type=\"widget\" data-widget_type=\"divider.default\">\n\t\t\t\t\t\t\t<div class=\"elementor-divider\">\n\t\t\t<span class=\"elementor-divider-separator\">\n\t\t\t\t\t\t<\/span>\n\t\t<\/div>\n\t\t\t\t\t\t<\/div>\n\t\t\t\t<div class=\"elementor-element elementor-element-7b7475f elementor-position-top elementor-widget elementor-widget-image-box\" data-id=\"7b7475f\" data-element_type=\"widget\" data-widget_type=\"image-box.default\">\n\t\t\t\t\t<div class=\"elementor-image-box-wrapper\"><figure class=\"elementor-image-box-img\"><a href=\"https:\/\/3d960a4d-3edc-4067-90c9-50aaf0133c3e.filesusr.com\/ugd\/fa2a9f_ef4de363d5d24b679394fe0733af0f15.pdf\" target=\"_blank\" tabindex=\"-1\"><img decoding=\"async\" src=\"https:\/\/comercioelectrico.com\/wp-content\/uploads\/2023\/05\/10.-Clausula-de-Consentimiento-Web-1-1.pdf\" title=\"\" alt=\"\" loading=\"lazy\" \/><\/a><\/figure><div class=\"elementor-image-box-content\"><h3 class=\"elementor-image-box-title\"><a href=\"https:\/\/3d960a4d-3edc-4067-90c9-50aaf0133c3e.filesusr.com\/ugd\/fa2a9f_ef4de363d5d24b679394fe0733af0f15.pdf\" target=\"_blank\">Clausula de consentimiento web<\/a><\/h3><\/div><\/div>\t\t\t\t<\/div>\n\t\t\t\t\t<\/div>\n\t\t<\/div>\n\t\t\t\t<div class=\"elementor-column elementor-col-33 elementor-top-column elementor-element elementor-element-6b965e92\" data-id=\"6b965e92\" data-element_type=\"column\">\n\t\t\t<div class=\"elementor-widget-wrap elementor-element-populated\">\n\t\t\t\t\t\t<div class=\"elementor-element elementor-element-6ad96f3 elementor-widget elementor-widget-image-box\" data-id=\"6ad96f3\" data-element_type=\"widget\" data-widget_type=\"image-box.default\">\n\t\t\t\t\t<div class=\"elementor-image-box-wrapper\"><div class=\"elementor-image-box-content\"><h3 class=\"elementor-image-box-title\"><a href=\"https:\/\/heyzine.com\/flip-book\/37ad28177c.html\" target=\"_blank\">POL\u00cdTICAS SAGRILAFT<\/a><\/h3><\/div><\/div>\t\t\t\t<\/div>\n\t\t\t\t<div class=\"elementor-element elementor-element-408ef0c elementor-widget-divider--view-line elementor-widget elementor-widget-divider\" data-id=\"408ef0c\" data-element_type=\"widget\" data-widget_type=\"divider.default\">\n\t\t\t\t\t\t\t<div class=\"elementor-divider\">\n\t\t\t<span class=\"elementor-divider-separator\">\n\t\t\t\t\t\t<\/span>\n\t\t<\/div>\n\t\t\t\t\t\t<\/div>\n\t\t\t\t\t<\/div>\n\t\t<\/div>\n\t\t\t\t<div class=\"elementor-column elementor-col-33 elementor-top-column elementor-element elementor-element-54f5160\" data-id=\"54f5160\" data-element_type=\"column\">\n\t\t\t<div class=\"elementor-widget-wrap elementor-element-populated\">\n\t\t\t\t\t\t<div class=\"elementor-element elementor-element-046ba78 elementor-position-top elementor-widget elementor-widget-image-box\" data-id=\"046ba78\" data-element_type=\"widget\" data-widget_type=\"image-box.default\">\n\t\t\t\t\t<div class=\"elementor-image-box-wrapper\"><figure class=\"elementor-image-box-img\"><a href=\"https:\/\/3d960a4d-3edc-4067-90c9-50aaf0133c3e.filesusr.com\/ugd\/fa2a9f_7403b738b9c44d7480252083b27957af.pdf\" target=\"_blank\" tabindex=\"-1\"><img decoding=\"async\" src=\"https:\/\/comercioelectrico.com\/wp-content\/uploads\/2023\/05\/03.-Manual-de-Politicas-Web-Politicas-de-Tratamiento-Web-1.pdf\" title=\"\" alt=\"\" loading=\"lazy\" \/><\/a><\/figure><div class=\"elementor-image-box-content\"><h3 class=\"elementor-image-box-title\"><a href=\"https:\/\/3d960a4d-3edc-4067-90c9-50aaf0133c3e.filesusr.com\/ugd\/fa2a9f_7403b738b9c44d7480252083b27957af.pdf\" target=\"_blank\">Pol\u00edticas de tratamiento web<\/a><\/h3><\/div><\/div>\t\t\t\t<\/div>\n\t\t\t\t<div class=\"elementor-element elementor-element-dc095c9 elementor-widget-divider--view-line elementor-widget elementor-widget-divider\" data-id=\"dc095c9\" data-element_type=\"widget\" data-widget_type=\"divider.default\">\n\t\t\t\t\t\t\t<div class=\"elementor-divider\">\n\t\t\t<span class=\"elementor-divider-separator\">\n\t\t\t\t\t\t<\/span>\n\t\t<\/div>\n\t\t\t\t\t\t<\/div>\n\t\t\t\t<div class=\"elementor-element elementor-element-1348957 elementor-position-top elementor-widget elementor-widget-image-box\" data-id=\"1348957\" data-element_type=\"widget\" data-widget_type=\"image-box.default\">\n\t\t\t\t\t<div class=\"elementor-image-box-wrapper\"><figure class=\"elementor-image-box-img\"><a href=\"https:\/\/3d960a4d-3edc-4067-90c9-50aaf0133c3e.filesusr.com\/ugd\/fa2a9f_da6ac6e5e5f546b681d7d4eba6b9c384.pdf\" target=\"_blank\" tabindex=\"-1\"><img decoding=\"async\" src=\"https:\/\/comercioelectrico.com\/wp-content\/uploads\/2023\/05\/01.-Aviso-de-Privacidad-1-1.pdf\" title=\"\" alt=\"\" loading=\"lazy\" \/><\/a><\/figure><div class=\"elementor-image-box-content\"><h3 class=\"elementor-image-box-title\"><a href=\"https:\/\/3d960a4d-3edc-4067-90c9-50aaf0133c3e.filesusr.com\/ugd\/fa2a9f_da6ac6e5e5f546b681d7d4eba6b9c384.pdf\" target=\"_blank\">Aviso de <br>privacidad <\/a><\/h3><\/div><\/div>\t\t\t\t<\/div>\n\t\t\t\t\t<\/div>\n\t\t<\/div>\n\t\t\t\t\t<\/div>\n\t\t<\/section>\n\t\t\t\t<section class=\"elementor-section elementor-top-section elementor-element elementor-element-7daa4c1 elementor-section-boxed elementor-section-height-default elementor-section-height-default\" data-id=\"7daa4c1\" data-element_type=\"section\">\n\t\t\t\t\t\t<div class=\"elementor-container elementor-column-gap-default\">\n\t\t\t\t\t<div class=\"elementor-column elementor-col-100 elementor-top-column elementor-element elementor-element-533bc31\" data-id=\"533bc31\" data-element_type=\"column\">\n\t\t\t<div class=\"elementor-widget-wrap\">\n\t\t\t\t\t\t\t<\/div>\n\t\t<\/div>\n\t\t\t\t\t<\/div>\n\t\t<\/section>\n\t\t\t\t<section class=\"elementor-section elementor-top-section elementor-element elementor-element-e72e3b0 elementor-section-boxed elementor-section-height-default elementor-section-height-default\" data-id=\"e72e3b0\" data-element_type=\"section\">\n\t\t\t\t\t\t<div class=\"elementor-container elementor-column-gap-default\">\n\t\t\t\t\t<div class=\"elementor-column elementor-col-100 elementor-top-column elementor-element elementor-element-ddc2c38\" data-id=\"ddc2c38\" data-element_type=\"column\">\n\t\t\t<div class=\"elementor-widget-wrap\">\n\t\t\t\t\t\t\t<\/div>\n\t\t<\/div>\n\t\t\t\t\t<\/div>\n\t\t<\/section>\n\t\t\t\t<\/div>\n\t\t","protected":false},"excerpt":{"rendered":"<p>POL\u00cdTICAS DE TRATAMIENTO Clausula de consentimiento web POL\u00cdTICAS SAGRILAFT Pol\u00edticas de tratamiento web Aviso de privacidad<\/p>\n","protected":false},"author":1,"featured_media":0,"parent":0,"menu_order":0,"comment_status":"closed","ping_status":"closed","template":"elementor_header_footer","meta":{"footnotes":""},"class_list":["post-1115","page","type-page","status-publish","hentry","thunk-woo-product-list","opn-qv-enable","top-store-woo-hover-zoom","top-store-single-product-tab-horizontal","top-store-shadow-","top-store-shadow-hover-"],"_links":{"self":[{"href":"https:\/\/comercioelectrico.com\/index.php\/wp-json\/wp\/v2\/pages\/1115","targetHints":{"allow":["GET"]}}],"collection":[{"href":"https:\/\/comercioelectrico.com\/index.php\/wp-json\/wp\/v2\/pages"}],"about":[{"href":"https:\/\/comercioelectrico.com\/index.php\/wp-json\/wp\/v2\/types\/page"}],"author":[{"embeddable":true,"href":"https:\/\/comercioelectrico.com\/index.php\/wp-json\/wp\/v2\/users\/1"}],"replies":[{"embeddable":true,"href":"https:\/\/comercioelectrico.com\/index.php\/wp-json\/wp\/v2\/comments?post=1115"}],"version-history":[{"count":61,"href":"https:\/\/comercioelectrico.com\/index.php\/wp-json\/wp\/v2\/pages\/1115\/revisions"}],"predecessor-version":[{"id":4068,"href":"https:\/\/comercioelectrico.com\/index.php\/wp-json\/wp\/v2\/pages\/1115\/revisions\/4068"}],"wp:attachment":[{"href":"https:\/\/comercioelectrico.com\/index.php\/wp-json\/wp\/v2\/media?parent=1115"}],"curies":[{"name":"wp","href":"https:\/\/api.w.org\/{rel}","templated":true}]}}